{"id":591,"date":"2019-06-21T11:05:44","date_gmt":"2019-06-21T11:05:44","guid":{"rendered":"http:\/\/alixavien.lt\/?page_id=591"},"modified":"2026-03-27T12:56:21","modified_gmt":"2026-03-27T12:56:21","slug":"contacts","status":"publish","type":"page","link":"https:\/\/alixavien.lt\/en\/kontaktai\/","title":{"rendered":"Contact"},"content":{"rendered":"<div data-elementor-type=\"wp-post\" data-elementor-id=\"591\" class=\"elementor elementor-591\" data-elementor-post-type=\"page\">\n\t\t\t\t\t\t<section class=\"elementor-section elementor-top-section elementor-element elementor-element-5688ec6 elementor-reverse-mobile elementor-section-boxed elementor-section-height-default elementor-section-height-default\" data-id=\"5688ec6\" data-element_type=\"section\" data-e-type=\"section\" data-settings=\"{&quot;background_background&quot;:&quot;classic&quot;}\">\n\t\t\t\t\t\t<div class=\"elementor-container elementor-column-gap-default\">\n\t\t\t\t\t<div class=\"elementor-column elementor-col-50 elementor-top-column elementor-element elementor-element-a619eff\" data-id=\"a619eff\" data-element_type=\"column\" data-e-type=\"column\" data-settings=\"{&quot;background_background&quot;:&quot;classic&quot;}\">\n\t\t\t<div class=\"elementor-widget-wrap elementor-element-populated\">\n\t\t\t\t\t\t<div class=\"elementor-element elementor-element-ba25d32 elementor-widget elementor-widget-heading\" data-id=\"ba25d32\" data-element_type=\"widget\" data-e-type=\"widget\" data-widget_type=\"heading.default\">\n\t\t\t\t<div class=\"elementor-widget-container\">\n\t\t\t\t\t<h2 class=\"elementor-heading-title elementor-size-default\">CONTACT US<\/h2>\t\t\t\t<\/div>\n\t\t\t\t<\/div>\n\t\t\t\t<div class=\"elementor-element elementor-element-2d0ab14 elementor-widget elementor-widget-text-editor\" data-id=\"2d0ab14\" data-element_type=\"widget\" data-e-type=\"widget\" data-widget_type=\"text-editor.default\">\n\t\t\t\t<div class=\"elementor-widget-container\">\n\t\t\t\t\t\t\t\t\t<p>Do you have questions about our products or would you like to place an order? We will be happy to answer all your questions by phone or email!<\/p>\t\t\t\t\t\t\t\t<\/div>\n\t\t\t\t<\/div>\n\t\t\t\t<section class=\"elementor-section elementor-inner-section elementor-element elementor-element-da2fb03 elementor-section-boxed elementor-section-height-default elementor-section-height-default\" data-id=\"da2fb03\" data-element_type=\"section\" data-e-type=\"section\">\n\t\t\t\t\t\t<div class=\"elementor-container elementor-column-gap-default\">\n\t\t\t\t\t<div class=\"elementor-column elementor-col-50 elementor-inner-column elementor-element elementor-element-386ac76\" data-id=\"386ac76\" data-element_type=\"column\" data-e-type=\"column\">\n\t\t\t<div class=\"elementor-widget-wrap elementor-element-populated\">\n\t\t\t\t\t\t<div class=\"elementor-element elementor-element-6e735c0 elementor-widget elementor-widget-text-editor\" data-id=\"6e735c0\" data-element_type=\"widget\" data-e-type=\"widget\" data-widget_type=\"text-editor.default\">\n\t\t\t\t<div class=\"elementor-widget-container\">\n\t\t\t\t\t\t\t\t\t<p><img decoding=\"async\" class=\"alignnone wp-image-11049\" src=\"https:\/\/alixavien.lt\/wp-content\/uploads\/2025\/06\/1-300x300.png\" alt=\"\" width=\"17\" height=\"17\" srcset=\"https:\/\/alixavien.lt\/wp-content\/uploads\/2025\/06\/1-300x300.png 300w, https:\/\/alixavien.lt\/wp-content\/uploads\/2025\/06\/1-1024x1024.png 1024w, https:\/\/alixavien.lt\/wp-content\/uploads\/2025\/06\/1-150x150.png 150w, https:\/\/alixavien.lt\/wp-content\/uploads\/2025\/06\/1-768x768.png 768w, https:\/\/alixavien.lt\/wp-content\/uploads\/2025\/06\/1-360x360.png 360w, https:\/\/alixavien.lt\/wp-content\/uploads\/2025\/06\/1-570x570.png 570w, https:\/\/alixavien.lt\/wp-content\/uploads\/2025\/06\/1-100x100.png 100w, https:\/\/alixavien.lt\/wp-content\/uploads\/2025\/06\/1.png 1080w\" sizes=\"(max-width: 17px) 100vw, 17px\" \/> <a href=\"tel:+37066643817\">+37066643817<\/a><\/p>\t\t\t\t\t\t\t\t<\/div>\n\t\t\t\t<\/div>\n\t\t\t\t\t<\/div>\n\t\t<\/div>\n\t\t\t\t<div class=\"elementor-column elementor-col-50 elementor-inner-column elementor-element elementor-element-25a301d\" data-id=\"25a301d\" data-element_type=\"column\" data-e-type=\"column\">\n\t\t\t<div class=\"elementor-widget-wrap elementor-element-populated\">\n\t\t\t\t\t\t<div class=\"elementor-element elementor-element-792c07d elementor-widget__width-initial elementor-widget elementor-widget-text-editor\" data-id=\"792c07d\" data-element_type=\"widget\" data-e-type=\"widget\" data-widget_type=\"text-editor.default\">\n\t\t\t\t<div class=\"elementor-widget-container\">\n\t\t\t\t\t\t\t\t\t<p><img decoding=\"async\" class=\"alignnone wp-image-11050\" src=\"https:\/\/alixavien.lt\/wp-content\/uploads\/2025\/06\/2-1-300x300.png\" alt=\"\" width=\"17\" height=\"17\" srcset=\"https:\/\/alixavien.lt\/wp-content\/uploads\/2025\/06\/2-1-300x300.png 300w, https:\/\/alixavien.lt\/wp-content\/uploads\/2025\/06\/2-1-1024x1024.png 1024w, https:\/\/alixavien.lt\/wp-content\/uploads\/2025\/06\/2-1-150x150.png 150w, https:\/\/alixavien.lt\/wp-content\/uploads\/2025\/06\/2-1-768x768.png 768w, https:\/\/alixavien.lt\/wp-content\/uploads\/2025\/06\/2-1-360x360.png 360w, https:\/\/alixavien.lt\/wp-content\/uploads\/2025\/06\/2-1-570x570.png 570w, https:\/\/alixavien.lt\/wp-content\/uploads\/2025\/06\/2-1-100x100.png 100w, https:\/\/alixavien.lt\/wp-content\/uploads\/2025\/06\/2-1.png 1080w\" sizes=\"(max-width: 17px) 100vw, 17px\" \/>\u00a0 <a href=\"mailto:info@alixavien.lt\">\u00a0info@alixavien.lt<\/a><\/p>\t\t\t\t\t\t\t\t<\/div>\n\t\t\t\t<\/div>\n\t\t\t\t\t<\/div>\n\t\t<\/div>\n\t\t\t\t\t<\/div>\n\t\t<\/section>\n\t\t\t\t<div class=\"elementor-element elementor-element-2afabaf elementor-widget elementor-widget-text-editor\" data-id=\"2afabaf\" data-element_type=\"widget\" data-e-type=\"widget\" data-widget_type=\"text-editor.default\">\n\t\t\t\t<div class=\"elementor-widget-container\">\n\t\t\t\t\t\t\t\t\t<p><strong>ADVISITORS:<\/strong><br \/>JazbArt Beauty, MB<br \/>Company code: 305570548<br \/>VAT payer code: LT100015962315<br \/>Address: Neringos g. 57E, Rusn\u0117, LT-99349 \u0160ilut\u0117s r.<\/p>\t\t\t\t\t\t\t\t<\/div>\n\t\t\t\t<\/div>\n\t\t\t\t<div class=\"elementor-element elementor-element-ebe5d41 elementor-widget-divider--view-line elementor-widget elementor-widget-divider\" data-id=\"ebe5d41\" data-element_type=\"widget\" data-e-type=\"widget\" data-widget_type=\"divider.default\">\n\t\t\t\t<div class=\"elementor-widget-container\">\n\t\t\t\t\t\t\t<div class=\"elementor-divider\">\n\t\t\t<span class=\"elementor-divider-separator\">\n\t\t\t\t\t\t<\/span>\n\t\t<\/div>\n\t\t\t\t\t\t<\/div>\n\t\t\t\t<\/div>\n\t\t\t\t<div class=\"elementor-element elementor-element-338c662 elementor-widget elementor-widget-text-editor\" data-id=\"338c662\" data-element_type=\"widget\" data-e-type=\"widget\" data-widget_type=\"text-editor.default\">\n\t\t\t\t<div class=\"elementor-widget-container\">\n\t\t\t\t\t\t\t\t\t<p>Follow us on social media:<\/p>\t\t\t\t\t\t\t\t<\/div>\n\t\t\t\t<\/div>\n\t\t\t\t<div class=\"elementor-element elementor-element-90b9ccc e-grid-align-left elementor-shape-rounded elementor-grid-0 elementor-widget elementor-widget-social-icons\" data-id=\"90b9ccc\" data-element_type=\"widget\" data-e-type=\"widget\" data-widget_type=\"social-icons.default\">\n\t\t\t\t<div class=\"elementor-widget-container\">\n\t\t\t\t\t\t\t<div class=\"elementor-social-icons-wrapper elementor-grid\" role=\"list\">\n\t\t\t\t\t\t\t<span class=\"elementor-grid-item\" role=\"listitem\">\n\t\t\t\t\t<a class=\"elementor-icon elementor-social-icon elementor-social-icon-facebook elementor-repeater-item-78ac6b8\" href=\"https:\/\/www.facebook.com\/people\/Alix-Avien-Lithuania\/61554970980894\/\" target=\"_blank\" rel=\"noopener\">\n\t\t\t\t\t\t<span class=\"elementor-screen-only\">Facebook<\/span>\n\t\t\t\t\t\t<i aria-hidden=\"true\" class=\"fab fa-facebook\"><\/i>\t\t\t\t\t<\/a>\n\t\t\t\t<\/span>\n\t\t\t\t\t\t\t<span class=\"elementor-grid-item\" role=\"listitem\">\n\t\t\t\t\t<a class=\"elementor-icon elementor-social-icon elementor-social-icon-instagram elementor-repeater-item-036ff3d\" href=\"https:\/\/www.instagram.com\/alixavienparis.lt\/\" target=\"_blank\" rel=\"noopener\">\n\t\t\t\t\t\t<span class=\"elementor-screen-only\">Instagram<\/span>\n\t\t\t\t\t\t<i aria-hidden=\"true\" class=\"fab fa-instagram\"><\/i>\t\t\t\t\t<\/a>\n\t\t\t\t<\/span>\n\t\t\t\t\t<\/div>\n\t\t\t\t\t\t<\/div>\n\t\t\t\t<\/div>\n\t\t\t\t\t<\/div>\n\t\t<\/div>\n\t\t\t\t<div class=\"elementor-column elementor-col-50 elementor-top-column elementor-element elementor-element-c0c513c\" data-id=\"c0c513c\" data-element_type=\"column\" data-e-type=\"column\">\n\t\t\t<div class=\"elementor-widget-wrap elementor-element-populated\">\n\t\t\t\t\t\t<div class=\"elementor-element elementor-element-548c265 elementor-widget elementor-widget-image\" data-id=\"548c265\" data-element_type=\"widget\" data-e-type=\"widget\" data-widget_type=\"image.default\">\n\t\t\t\t<div class=\"elementor-widget-container\">\n\t\t\t\t\t\t\t\t\t\t\t\t\t\t\t<img fetchpriority=\"high\" decoding=\"async\" width=\"1080\" height=\"1080\" src=\"https:\/\/alixavien.lt\/wp-content\/uploads\/2025\/06\/Alixavien-18.png\" class=\"attachment-2048x2048 size-2048x2048 wp-image-11135\" alt=\"\" srcset=\"https:\/\/alixavien.lt\/wp-content\/uploads\/2025\/06\/Alixavien-18.png 1080w, https:\/\/alixavien.lt\/wp-content\/uploads\/2025\/06\/Alixavien-18-300x300.png 300w, https:\/\/alixavien.lt\/wp-content\/uploads\/2025\/06\/Alixavien-18-1024x1024.png 1024w, https:\/\/alixavien.lt\/wp-content\/uploads\/2025\/06\/Alixavien-18-150x150.png 150w, https:\/\/alixavien.lt\/wp-content\/uploads\/2025\/06\/Alixavien-18-768x768.png 768w, https:\/\/alixavien.lt\/wp-content\/uploads\/2025\/06\/Alixavien-18-360x360.png 360w, https:\/\/alixavien.lt\/wp-content\/uploads\/2025\/06\/Alixavien-18-570x570.png 570w, https:\/\/alixavien.lt\/wp-content\/uploads\/2025\/06\/Alixavien-18-100x100.png 100w\" sizes=\"(max-width: 1080px) 100vw, 1080px\" \/>\t\t\t\t\t\t\t\t\t\t\t\t\t\t\t<\/div>\n\t\t\t\t<\/div>\n\t\t\t\t\t<\/div>\n\t\t<\/div>\n\t\t\t\t\t<\/div>\n\t\t<\/section>\n\t\t\t\t<\/div>","protected":false},"excerpt":{"rendered":"<p>SUSISIEKITE SU MUMIS Turite klausim\u0173 apie produktus ar norite atlikti u\u017esakym\u0105? Mielai atsakysime \u012f visus klausimus telefonu arba elektroniniu pa\u0161tu! +37066643817 \u00a0 \u00a0info@alixavien.lt REKVIZITAI:JazbArt Beauty, MB\u012emon\u0117s kodas: 305570548PVM mok\u0117tojo kodas: LT100015962315Adresas: Neringos g. 57E, Rusn\u0117, LT-99349 \u0160ilut\u0117s r. Sekite mus socialiniuose tinkluose: Facebook Instagram<\/p>","protected":false},"author":1,"featured_media":0,"parent":0,"menu_order":0,"comment_status":"closed","ping_status":"closed","template":"elementor_theme","meta":{"inline_featured_image":false,"site-sidebar-layout":"default","site-content-layout":"","ast-site-content-layout":"full-width-container","site-content-style":"boxed","site-sidebar-style":"default","ast-global-header-display":"","ast-banner-title-visibility":"","ast-main-header-display":"","ast-hfb-above-header-display":"","ast-hfb-below-header-display":"","ast-hfb-mobile-header-display":"","site-post-title":"","ast-breadcrumbs-content":"","ast-featured-img":"","footer-sml-layout":"","ast-disable-related-posts":"","theme-transparent-header-meta":"","adv-header-id-meta":"","stick-header-meta":"","header-above-stick-meta":"","header-main-stick-meta":"","header-below-stick-meta":"","astra-migrate-meta-layouts":"default","ast-page-background-enabled":"enabled","ast-page-background-meta":{"desktop":{"background-color":"#f1f1f1","background-image":"","background-repeat":"repeat","background-position":"center center","background-size":"auto","background-attachment":"scroll","background-type":"color","background-media":"","overlay-type":"","overlay-color":"","overlay-opacity":"","overlay-gradient":""},"tablet":{"background-color":"","background-image":"","background-repeat":"repeat","background-position":"center center","background-size":"auto","background-attachment":"scroll","background-type":"","background-media":"","overlay-type":"","overlay-color":"","overlay-opacity":"","overlay-gradient":""},"mobile":{"background-color":"","background-image":"","background-repeat":"repeat","background-position":"center center","background-size":"auto","background-attachment":"scroll","background-type":"","background-media":"","overlay-type":"","overlay-color":"","overlay-opacity":"","overlay-gradient":""}},"ast-content-background-meta":{"desktop":{"background-color":"#f1f1f1","background-image":"","background-repeat":"repeat","background-position":"center center","background-size":"auto","background-attachment":"scroll","background-type":"color","background-media":"","overlay-type":"","overlay-color":"","overlay-opacity":"","overlay-gradient":""},"tablet":{"background-color":"var(--ast-global-color-5)","background-image":"","background-repeat":"repeat","background-position":"center center","background-size":"auto","background-attachment":"scroll","background-type":"color","background-media":"","overlay-type":"","overlay-color":"","overlay-opacity":"","overlay-gradient":""},"mobile":{"background-color":"var(--ast-global-color-5)","background-image":"","background-repeat":"repeat","background-position":"center center","background-size":"auto","background-attachment":"scroll","background-type":"","background-media":"","overlay-type":"","overlay-color":"","overlay-opacity":"","overlay-gradient":""}},"footnotes":""},"class_list":["post-591","page","type-page","status-publish","hentry"],"_hostinger_reach_plugin_has_subscription_block":false,"_hostinger_reach_plugin_is_elementor":false,"_links":{"self":[{"href":"https:\/\/alixavien.lt\/en\/wp-json\/wp\/v2\/pages\/591","targetHints":{"allow":["GET"]}}],"collection":[{"href":"https:\/\/alixavien.lt\/en\/wp-json\/wp\/v2\/pages"}],"about":[{"href":"https:\/\/alixavien.lt\/en\/wp-json\/wp\/v2\/types\/page"}],"author":[{"embeddable":true,"href":"https:\/\/alixavien.lt\/en\/wp-json\/wp\/v2\/users\/1"}],"replies":[{"embeddable":true,"href":"https:\/\/alixavien.lt\/en\/wp-json\/wp\/v2\/comments?post=591"}],"version-history":[{"count":136,"href":"https:\/\/alixavien.lt\/en\/wp-json\/wp\/v2\/pages\/591\/revisions"}],"predecessor-version":[{"id":18461,"href":"https:\/\/alixavien.lt\/en\/wp-json\/wp\/v2\/pages\/591\/revisions\/18461"}],"wp:attachment":[{"href":"https:\/\/alixavien.lt\/en\/wp-json\/wp\/v2\/media?parent=591"}],"curies":[{"name":"wp","href":"https:\/\/api.w.org\/{rel}","templated":true}]}}