{"id":2567,"date":"2020-12-29T04:52:50","date_gmt":"2020-12-29T04:52:50","guid":{"rendered":"http:\/\/alixavien.lt\/?page_id=2567"},"modified":"2023-11-13T18:44:48","modified_gmt":"2023-11-13T18:44:48","slug":"reeglid","status":"publish","type":"page","link":"https:\/\/alixavien.lt\/et\/taisykles\/","title":{"rendered":"Reeglid"},"content":{"rendered":"<h2>Kauba tellimine<\/h2>\n<h6><strong>1.    KAUPADE TELLIMINE<\/strong><\/h6>\n<p>1.1.     Nii registreeritud kui ka registreerimata kliendid v\u00f5ivad tellida kaupu veebilehelt alixavien.lt.<\/p>\n<p>1.2.    Kliendi tellimused registreeritakse elektroonilises andmebaasis aadressil alixavien.lt.<\/p>\n<h6><strong>2.    KLIENDI \u00d5IGUSED JA KOHUSTUSED<\/strong><\/h6>\n<p>2.1.    Kliendil on \u00f5igus tellida alixavien.lt veebisaidilt oma valitud kaupa vastavalt k\u00e4esolevates eeskirjades s\u00e4testatud korrale.<\/p>\n<p>2.2.   Kliendil on \u00f5igus keelduda ja tagastada veebilehelt alixavien.lt tellitud kaubad.<\/p>\n<p>2.3.   Klient peab hoidma oma alixavien.lt veebilehe sisselogimise andmed turvaliselt; vastasel juhul vastutab klient andmekaitse eest.<\/p>\n<h6><strong>3.    ETTEV\u00d5TTE \u00d5IGUSED JA KOHUSTUSED<\/strong><\/h6>\n<p>3.1.    Ettev\u00f5te v\u00f5ib l\u00e4bi viia erinevaid turunduskampaaniaid ja teavitada neist kliente nende eelneval n\u00f5usolekul, saates teavet kliendi poolt esitatud kontaktandmetele.<\/p>\n<p>3.2.    Ettev\u00f5ttel on ka \u00f5igus igal ajal \u00fchepoolselt muuta turunduskampaaniaid ja tingimusi ilma eelneva etteteatamiseta ning l\u00f5petada juba alanud kampaaniad.<\/p>\n<p>3.3.    Ettev\u00f5ttel on \u00f5igus muuta ja t\u00e4iustada veebisaidi alixavien.lt funktsioone ning vajaduse korral veebisaidi tegevus peatada.<\/p>\n<p>3.4.    Ettev\u00f5te kohustub tagama tingimused kaupade tellimiseks veebisaidil alixavien.lt ja nende kohaletoimetamiseks kliendi valitud aadressile.<\/p>\n<p>3.5. Ettev\u00f5te kohustub teavitama Klienti tellimuse kinnitamisest ja tellitud kauba kohaletoimetamisest.<\/p>\n<p>3.6.    Ettev\u00f5te kohustub s\u00e4ilitama ja haldama Kliendi andmeid.<\/p>\n<h6><strong>4. \u00dchine vastutus<\/strong><\/h6>\n<p>4.1. Klient vastutab registreerimis- ja\/v\u00f5i ostuvormis esitatud andmete \u00f5igsuse eest. Klient v\u00f5tab endale vastutuse registreerimis- ja\/v\u00f5i ostuvormis esitatud andmete ebat\u00e4psusest v\u00f5i eba\u00f5igsusest tulenevate tagaj\u00e4rgede eest.<\/p>\n<p>4.2. Pooled vastutavad internetipoes s\u00f5lmitud ostu-m\u00fc\u00fcgi lepingu rikkumise eest vastavalt Leedu Vabariigi seadustega kehtestatud korrale.<\/p>\n<p>4.3. V\u00f5ttes arvesse Leedu Vabariigi elektrooniliste allkirjade seaduse artikli 8 l\u00f5ike 3 s\u00e4tteid, n\u00f5ustub klient ettev\u00f5ttega, et kinnitus kliendi tegevuse kohta veebipoes, sisselogides veebipoodi oma andmetega (identifitseerimiskood) on elektroonilise allkirja seaduse artiklis 8(1) s\u00e4testatud \u00f5iguslik j\u00f5ud (st sellel on sama \u00f5iguslik j\u00f5ud kui kirjalikel dokumentidel olevatel allkirjadel ja see on kohtus t\u00f5endina vastuv\u00f5etav). Klient peab hoidma oma veebipoe sisselogimise andmed turvaliselt ja neid mitte avaldama, tagama, et need andmed on teada ainult talle ja neid kasutab ainult tema, ning mitte edastama neid ega muul viisil v\u00f5imaldama teistel isikutel neile juurde p\u00e4\u00e4seda v\u00f5i neid kasutada. Kui on kahtlus, et sisselogimise andmed on avaldatud teisele isikule, peab klient sellest viivitamatult teavitama ettev\u00f5tet ning samuti viivitamatult teavitama ettev\u00f5tet veebipoe sisselogimise andmete rikkumisest v\u00f5i avaldamisest. K\u00f5iki kliendi identifitseerimiskoodi abil sooritatud toiminguid loetakse kliendi poolt sooritatuks ja klient v\u00f5tab endale t\u00e4ieliku vastutuse selliste toimingute tagaj\u00e4rgede eest.<\/p>\n<p>4.4. Ettev\u00f5te ei vastuta teiste ettev\u00f5tete veebisaitidel esitatud teabe eest, isegi kui klient p\u00e4\u00e4seb nendele veebisaitidele alixavien.lt veebisaidil olevate linkide kaudu.<\/p>\n<p>4.5. Ettev\u00f5te ei vastuta selle eest, et veebisaidil alixavien.lt kuvatavad kaubad ei vasta tegelikule suurusele, kujule ja v\u00e4rvile ostja kasutatava ekraani omaduste t\u00f5ttu.<\/p>\n<p><strong>5. Isikuandmete t\u00f6\u00f6tlemine ja teabe saatmine<\/strong><\/p>\n<p>5.1. Nupule \u201eTellimus\u201c kl\u00f5psates kinnitab klient, et tema ja tema esindajad (kliendil on oma esindajate n\u00f5usolek) n\u00f5ustuvad andma ettev\u00f5ttele oma isikuandmed ja ei ole vastu, et ettev\u00f5te t\u00f6\u00f6tleb kliendi ja\/v\u00f5i tema esindajate esitatud isikuandmeid kliendi ja\/v\u00f5i tema esindajate identifitseerimiseks, lepingute s\u00f5lmimise ja t\u00e4itmise (online-m\u00fc\u00fck) ning otseturunduse eesm\u00e4rgil. Ettev\u00f5te kinnitab, et ei t\u00f6\u00f6delda kliendi (kui klient on f\u00fc\u00fcsiline isik) ja tema esindajate isikukoode otseturunduse eesm\u00e4rgil.<\/p>\n<p>5.2. Nii registreeritud kui ka registreerimata liikmed saavad uudiskirja, kl\u00f5psates nupule \u201cUudiskirja tellimine\u201d, mille j\u00e4rel klient hakkab automaatselt uudiskirju saama, millest ta saab loobuda, kl\u00f5psates uudiskirja allosas olevale lingile.\u00a0M\u00fc\u00fcja saadab k\u00f5ik teavituss\u00f5numid ostja tellimusvormis esitatud e-posti aadressile.<\/p>\n<p>5.3. Nupule \u201eTellimus\u201c kl\u00f5psates kinnitab klient, et tema (kui klient on f\u00fc\u00fcsiline isik) ja tema esindajad on teadlikud oma \u00f5igusest p\u00e4\u00e4seda juurde ettev\u00f5tte poolt t\u00f6\u00f6deldavatele isikuandmetele ja nende t\u00f6\u00f6tlemise viisile, taotleda nende parandamist, isikuandmete h\u00e4vitamist v\u00f5i isikuandmete t\u00f6\u00f6tlemise peatamist, kui andmeid t\u00f6\u00f6deldakse seaduse s\u00e4tete rikkumisega, ning keelduda oma isikuandmete t\u00f6\u00f6tlemisest.<\/p>\n<p>5.4. Nupule \u201eTellimus\u201c kl\u00f5psates kinnitab klient, et tema ja tema esindajad on teadlikud oma \u00f5igusest keelduda isikuandmete esitamisest, kuid m\u00f5istavad, et isikuandmed on vajalikud ja olulised kliendi ja\/v\u00f5i tema esindajate \u00fcheseks identifitseerimiseks lepingute s\u00f5lmimise eesm\u00e4rgil ning et kui ta ei esita oma isikuandmeid ja\/v\u00f5i ei anna n\u00f5usolekut nende t\u00f6\u00f6tlemiseks eespool nimetatud eesm\u00e4rkidel, ei ole tal v\u00f5imalik lepingut s\u00f5lmida ja\/v\u00f5i t\u00e4ita.<\/p>\n<h6>6. L\u00f5pps\u00e4tted<\/h6>\n<p>6.1. Ettev\u00f5te j\u00e4tab endale \u00f5iguse muuta eeskirju, avaldades sellekohase teate oma veebisaidil.<\/p>\n<p>6.2. Eeskirjade t\u00e4iendused v\u00f5i muudatused j\u00f5ustuvad nende avaldamise kuup\u00e4eval, st kuup\u00e4eval, mil need veebisaidile \u00fcles pannakse.<\/p>\n<h4 style=\"font-size: 1.66667rem;\">Kaupade tagastamine<\/h4>\n<h6 style=\"font-size: 1.06667rem;\">1. Kauba tagastamise tingimused:<\/h6>\n<p style=\"font-size: 15px;\">1.1   Ostja v\u00f5ib kasutada \u00f5igust tagastada kvaliteetne ja kasutamata toode 14 (neljateistk\u00fcmne) p\u00e4eva jooksul alates kauba k\u00e4ttesaamise kuup\u00e4evast, teatades sellest m\u00fc\u00fcjale.<\/p>\n<p style=\"font-size: 15px;\">1.2  Defektiga kaubad tuleb tagastada vastavalt seaduses s\u00e4testatud juhtudele ja korrale.<\/p>\n<p style=\"font-size: 15px;\">1.3  Kvaliteetsete kaupade tagastamisele kehtivad j\u00e4rgmised tingimused:<\/p>\n<ul style=\"font-size: 15px;\">\n<li style=\"font-size: 15px;\">Ostja peab m\u00fc\u00fcjale kauba tagastamisest teatama vastavalt kauba tagastamise tingimustele \u2013 14 p\u00e4eva jooksul alates kauba k\u00e4ttesaamise kuup\u00e4evast.<\/li>\n<li style=\"font-size: 15px;\">Ostja ei tohi toodet kahjustada.<\/li>\n<li style=\"font-size: 15px;\">Tagastatav toode peab olema originaalpakendis, kasutamata (katsetamata) ja heas seisukorras (etikettidel ei tohi olla kahjustusi, kaitsekile ei tohi olla eemaldatud jne) (see klausel ei kehti defektse toote tagastamise puhul).<\/li>\n<li style=\"font-size: 15px;\">Tagastatavad kaubad peavad olema samas seisukorras kui need olid vastuv\u00f5tmisel.<\/li>\n<li style=\"font-size: 15px;\">K\u00f5ik ostetud kaubaga koos saadud kingitused tuleb tagastada koos tagastatava kaubaga.<\/li>\n<li style=\"font-size: 15px;\">Kauba tagastamisel tuleb esitada ostukviitung\/arve ja t\u00e4idetud kauba tagastamise taotlusvorm.<\/li>\n<\/ul>\n<p style=\"font-size: 15px;\">1.4 Kui kaubad on puudulikud, kahjustatud, korrastamata v\u00f5i ebakorrektselt pakendatud, on m\u00fc\u00fcjal \u00f5igus kaubad vastu v\u00f5tmata j\u00e4tta, neid mitte vahetada ja ostja poolt kauba eest makstud raha mitte tagastada.<\/p>\n<h6 style=\"font-size: 1.06667rem;\">2. Kauba tagastamine:<\/h6>\n<p style=\"font-size: 15px;\">2.1  Kuhu kaubad tagastada: Kui punktis 1 loetletud tingimused on t\u00e4idetud, j\u00e4rgige kauba tagastamiseks j\u00e4rgmisi samme:<\/p>\n<ul style=\"font-size: 15px;\">\n<li style=\"font-size: 15px;\">Kaubad tuleb tagastada m\u00fc\u00fcja poolt m\u00e4\u00e4ratud aadressile. Kulleritasud maksab ostja.<\/li>\n<li style=\"font-size: 15px;\">Kauba tagastamisel tuleb esitada ostukviitung v\u00f5i arve ning t\u00e4ita tagastamisvorm.<\/li>\n<\/ul>\n<p style=\"font-size: 15px;\">2.2 Kuidas raha tagastatakse?<\/p>\n<ul style=\"font-size: 15px;\">\n<li style=\"font-size: 15px;\">Kui kaubad on tarnitud kulleriga ja tagastatud muul viisil (postiga jne), tagastatakse kauba eest makstud summa p\u00e4rast kauba k\u00e4ttesaamist ja selle seisukorra hindamist 30 p\u00e4eva jooksul alates tagastamiskuup\u00e4evast maksja poolt m\u00e4\u00e4ratud pangakontole.<\/li>\n<\/ul>\n<p style=\"font-size: 15px;\">3. Kuhu p\u00f6\u00f6rduda, kui teil on toote kohta kaebus?  Kui teil on probleeme meie veebipoest ostetud toote v\u00f5i teenusega, v\u00f5tke meiega \u00fchendust e-posti aadressil info@alixavien.lt.<\/p>","protected":false},"excerpt":{"rendered":"<p>Preki\u0173 u\u017esakymo sudarymas 1.\u00a0\u00a0 \u00a0PREKI\u0172 U\u017dSAKYMAS 1.1.\u00a0\u00a0 \u00a0 Tinklalapyje alixavien.lt prekes u\u017esakyti gali registruotas ir neregistruotas U\u017esakovas. 1.2.\u00a0 \u00a0 U\u017esakovo u\u017esakymai registruojami elektronin\u0117je alixavien.lt duomen\u0173 baz\u0117je. 2.\u00a0\u00a0 \u00a0U\u017dSAKOVO TEIS\u0116S IR PAREIGOS 2.1.\u00a0\u00a0 \u00a0U\u017esakovas turi teis\u0119 u\u017esakyti savo nuo\u017ei\u016bra pasirinktas prekes alixavien.lt tinklalapyje \u0161iose taisykl\u0117se nustatyta tvarka. 2.2.\u00a0 \u00a0U\u017esakovas turi teis\u0119 atsisakyti, \u00a0gr\u0105\u017einti alixavien.lt tinklapyje u\u017esakytas [&hellip;]<\/p>\n","protected":false},"author":1,"featured_media":0,"parent":0,"menu_order":0,"comment_status":"closed","ping_status":"closed","template":"","meta":{"inline_featured_image":false,"site-sidebar-layout":"default","site-content-layout":"","ast-site-content-layout":"default","site-content-style":"default","site-sidebar-style":"default","ast-global-header-display":"","ast-banner-title-visibility":"","ast-main-header-display":"","ast-hfb-above-header-display":"","ast-hfb-below-header-display":"","ast-hfb-mobile-header-display":"","site-post-title":"","ast-breadcrumbs-content":"","ast-featured-img":"","footer-sml-layout":"","ast-disable-related-posts":"","theme-transparent-header-meta":"","adv-header-id-meta":"","stick-header-meta":"","header-above-stick-meta":"","header-main-stick-meta":"","header-below-stick-meta":"","astra-migrate-meta-layouts":"default","ast-page-background-enabled":"default","ast-page-background-meta":{"desktop":{"background-color":"var(--ast-global-color-4)","background-image":"","background-repeat":"repeat","background-position":"center center","background-size":"auto","background-attachment":"scroll","background-type":"","background-media":"","overlay-type":"","overlay-color":"","overlay-opacity":"","overlay-gradient":""},"tablet":{"background-color":"","background-image":"","background-repeat":"repeat","background-position":"center center","background-size":"auto","background-attachment":"scroll","background-type":"","background-media":"","overlay-type":"","overlay-color":"","overlay-opacity":"","overlay-gradient":""},"mobile":{"background-color":"","background-image":"","background-repeat":"repeat","background-position":"center center","background-size":"auto","background-attachment":"scroll","background-type":"","background-media":"","overlay-type":"","overlay-color":"","overlay-opacity":"","overlay-gradient":""}},"ast-content-background-meta":{"desktop":{"background-color":"var(--ast-global-color-5)","background-image":"","background-repeat":"repeat","background-position":"center center","background-size":"auto","background-attachment":"scroll","background-type":"","background-media":"","overlay-type":"","overlay-color":"","overlay-opacity":"","overlay-gradient":""},"tablet":{"background-color":"var(--ast-global-color-5)","background-image":"","background-repeat":"repeat","background-position":"center center","background-size":"auto","background-attachment":"scroll","background-type":"","background-media":"","overlay-type":"","overlay-color":"","overlay-opacity":"","overlay-gradient":""},"mobile":{"background-color":"var(--ast-global-color-5)","background-image":"","background-repeat":"repeat","background-position":"center center","background-size":"auto","background-attachment":"scroll","background-type":"","background-media":"","overlay-type":"","overlay-color":"","overlay-opacity":"","overlay-gradient":""}},"footnotes":""},"class_list":["post-2567","page","type-page","status-publish","hentry"],"_hostinger_reach_plugin_has_subscription_block":false,"_hostinger_reach_plugin_is_elementor":false,"_links":{"self":[{"href":"https:\/\/alixavien.lt\/et\/wp-json\/wp\/v2\/pages\/2567","targetHints":{"allow":["GET"]}}],"collection":[{"href":"https:\/\/alixavien.lt\/et\/wp-json\/wp\/v2\/pages"}],"about":[{"href":"https:\/\/alixavien.lt\/et\/wp-json\/wp\/v2\/types\/page"}],"author":[{"embeddable":true,"href":"https:\/\/alixavien.lt\/et\/wp-json\/wp\/v2\/users\/1"}],"replies":[{"embeddable":true,"href":"https:\/\/alixavien.lt\/et\/wp-json\/wp\/v2\/comments?post=2567"}],"version-history":[{"count":0,"href":"https:\/\/alixavien.lt\/et\/wp-json\/wp\/v2\/pages\/2567\/revisions"}],"wp:attachment":[{"href":"https:\/\/alixavien.lt\/et\/wp-json\/wp\/v2\/media?parent=2567"}],"curies":[{"name":"wp","href":"https:\/\/api.w.org\/{rel}","templated":true}]}}