{"id":2567,"date":"2020-12-29T04:52:50","date_gmt":"2020-12-29T04:52:50","guid":{"rendered":"http:\/\/alixavien.lt\/?page_id=2567"},"modified":"2023-11-13T18:44:48","modified_gmt":"2023-11-13T18:44:48","slug":"noteikumi","status":"publish","type":"page","link":"https:\/\/alixavien.lt\/lv\/taisykles\/","title":{"rendered":"Noteikumi"},"content":{"rendered":"<h2>Pre\u010du pas\u016bt\u012b\u0161ana<\/h2>\n<h6><strong>1.    PRE\u010cU PAS\u016aT\u012a\u0160ANA<\/strong><\/h6>\n<p>1.1.     Gan re\u0123istr\u0113tie, gan nere\u0123istr\u0113tie Klienti var pas\u016bt\u012bt preces t\u012bmek\u013ca vietn\u0113 alixavien.lt.<\/p>\n<p>1.2.    Klientu pas\u016bt\u012bjumi tiek re\u0123istr\u0113ti elektroniskaj\u0101 datu b\u0101z\u0113 alixavien.lt.<\/p>\n<h6><strong>2.    KLIENTA TIES\u012aBAS UN PIEN\u0100KUMI<\/strong><\/h6>\n<p>2.1.    Klients ir ties\u012bgs pas\u016bt\u012bt sev v\u0113lam\u0101s preces alixavien.lt t\u012bmek\u013ca vietn\u0113 saska\u0146\u0101 ar \u0161ajos noteikumos izkl\u0101st\u012bto k\u0101rt\u012bbu.<\/p>\n<p>2.2.   Klientam ir ties\u012bbas atteikties no alixavien.lt t\u012bmek\u013ca vietn\u0113 pas\u016bt\u012btaj\u0101m prec\u0113m un t\u0101s atgriezt.<\/p>\n<p>2.3.   Klientam ir pien\u0101kums glab\u0101t savus alixavien.lt vietnes lietot\u0101jv\u0101rdu un paroli dro\u0161\u0101 viet\u0101; pret\u0113j\u0101 gad\u012bjum\u0101 klients ir atbild\u012bgs par datu aizsardz\u012bbu.<\/p>\n<h6><strong>3.    UZ\u0145\u0112MUMA TIES\u012aBAS UN PIEN\u0100KUMI<\/strong><\/h6>\n<p>3.1.    Uz\u0146\u0113mums var veikt da\u017e\u0101das m\u0101rketinga kampa\u0146as un, iepriek\u0161 sa\u0146emot Klientu piekri\u0161anu, inform\u0113t vi\u0146us par \u0161\u012bm kampa\u0146\u0101m, nos\u016btot inform\u0101ciju uz Klienta nor\u0101d\u012btajiem kontaktiem.<\/p>\n<p>3.2.    Uz\u0146\u0113mumam ir ties\u012bbas jebkur\u0101 br\u012bd\u012b vienpus\u0113ji main\u012bt m\u0101rketinga kampa\u0146as un nosac\u012bjumus bez iepriek\u0161\u0113ja br\u012bdin\u0101juma, k\u0101 ar\u012b p\u0101rtraukt jau uzs\u0101ktas kampa\u0146as.<\/p>\n<p>3.3.    Uz\u0146\u0113mumam ir ties\u012bbas main\u012bt un uzlabot alixavien.lt t\u012bmek\u013ca vietnes funkcijas un nepiecie\u0161am\u012bbas gad\u012bjum\u0101 p\u0101rtraukt t\u012bmek\u013ca vietnes darb\u012bbu.<\/p>\n<p>3.4.    Uz\u0146\u0113mums ap\u0146emas nodro\u0161in\u0101t pre\u010du pas\u016bt\u012b\u0161anas nosac\u012bjumus t\u012bmek\u013ca vietn\u0113 alixavien.lt un pieg\u0101d\u0101t t\u0101s uz klienta izv\u0113l\u0113to adresi.<\/p>\n<p>3.5. Uz\u0146\u0113mums ap\u0146emas inform\u0113t Klientu par pas\u016bt\u012bjuma apstiprin\u0101jumu un pas\u016bt\u012bto pre\u010du pieg\u0101di.<\/p>\n<p>3.6.    Uz\u0146\u0113mums ap\u0146emas uzglab\u0101t un p\u0101rvald\u012bt Klienta datus.<\/p>\n<h6><strong>4. Kop\u012bga atbild\u012bba<\/strong><\/h6>\n<p>4.1. Klients ir atbild\u012bgs par re\u0123istr\u0101cijas un\/vai pirkuma veidlap\u0101 sniegto datu pareiz\u012bbu. Klients uz\u0146emas atbild\u012bbu par sek\u0101m, kas rodas no re\u0123istr\u0101cijas un\/vai pirkuma veidlap\u0101 sniegto datu neprecizit\u0101tes vai nepareiz\u012bbas.<\/p>\n<p>4.2. Puses ir atbild\u012bgas par jebk\u0101du p\u0101rk\u0101pumu pirkuma un p\u0101rdo\u0161anas l\u012bgum\u0101, kas nosl\u0113gts internetveikal\u0101, saska\u0146\u0101 ar Lietuvas Republikas likumos noteikto k\u0101rt\u012bbu.<\/p>\n<p>4.3. \u0145emot v\u0113r\u0101 Lietuvas Republikas Elektronisko parakstu likuma 8. panta 3. punkta noteikumus, Klients vienojas ar Uz\u0146\u0113mumu, ka apstiprin\u0101jums par Klienta darb\u012bb\u0101m internetveikal\u0101, piesakoties internetveikal\u0101 ar saviem datiem (identifik\u0101cijas kods) ir elektronisk\u0101 paraksta juridiskais sp\u0113ks, k\u0101 noteikts Elektronisko parakstu likuma 8. panta 1. punkt\u0101 (t. i., tam ir t\u0101ds pats juridiskais sp\u0113ks k\u0101 parakstam uz rakstiskos dokumentos un tas ir pie\u0146emams k\u0101 pier\u0101d\u012bjums ties\u0101). Klients ir pien\u0101kums glab\u0101t savus pieteik\u0161an\u0101s datus internetveikal\u0101 dro\u0161\u0101 viet\u0101 un neizpaust tos, nodro\u0161in\u0101t, ka \u0161ie dati ir zin\u0101mi tikai vi\u0146am un tos izmanto tikai vi\u0146\u0161, k\u0101 ar\u012b neizpaust tos vai cit\u0101di \u013caut cit\u0101m person\u0101m piek\u013c\u016bt tiem vai tos izmantot. Ja rodas aizdomas, ka pieteik\u0161an\u0101s dati var\u0113tu b\u016bt izpausti citai personai, klientam nekav\u0113joties j\u0101pazi\u0146o par to uz\u0146\u0113mumam, k\u0101 ar\u012b nekav\u0113joties j\u0101inform\u0113 uz\u0146\u0113mums par jebk\u0101du internetveikala pieteik\u0161an\u0101s datu p\u0101rk\u0101pumu vai izpau\u0161anu. Visas darb\u012bbas, kas veiktas, izmantojot klienta identifik\u0101cijas kodu, tiek uzskat\u012btas par klienta veikt\u0101m, un klients uz\u0146emas pilnu atbild\u012bbu par \u0161\u0101du darb\u012bbu sek\u0101m.<\/p>\n<p>4.4. Uz\u0146\u0113mums nav atbild\u012bgs par inform\u0101ciju, kas sniegta citu uz\u0146\u0113mumu t\u012bmek\u013ca vietn\u0113s, pat ja Klients piek\u013c\u016bst \u0161\u012bm t\u012bmek\u013ca vietn\u0113m, izmantojot saites t\u012bmek\u013ca vietn\u0113 alixavien.lt.<\/p>\n<p>4.5. Uz\u0146\u0113mums nav atbild\u012bgs par to, ka alixavien.lt t\u012bmek\u013ca vietn\u0113 att\u0113lot\u0101s preces neatbilst pre\u010du faktiskajam izm\u0113ram, formai un kr\u0101sai, kas saist\u012bts ar Pirc\u0113ja izmantot\u0101 displeja \u012bpa\u0161\u012bb\u0101m.<\/p>\n<p><strong>5. Personas datu apstr\u0101de un inform\u0101cijas nos\u016bt\u012b\u0161ana<\/strong><\/p>\n<p>5.1. Noklik\u0161\u0137inot uz pogas \u201ePas\u016bt\u012bt\u201c, Klients apstiprina, ka vi\u0146\u0161 un vi\u0146a p\u0101rst\u0101vji (Klients ir sa\u0146\u0113mis savu p\u0101rst\u0101vju piekri\u0161anu) piekr\u012bt sniegt Sabiedr\u012bbai savus personas datus un neiebilst pret to, ka Sabiedr\u012bba apstr\u0101d\u0101 personas datus, kurus sniedzis Klients un\/vai vi\u0146a p\u0101rst\u0101vji, lai identific\u0113tu Klientu un\/vai vi\u0146a p\u0101rst\u0101vjus, l\u012bgumu nosl\u0113g\u0161anai un izpildei (tie\u0161saistes p\u0101rdo\u0161ana) un tie\u0161\u0101 m\u0101rketinga nol\u016bkos. Uz\u0146\u0113mums pazi\u0146o, ka neapstr\u0101d\u0101s klienta (ja klients ir fiziska persona) un vi\u0146a p\u0101rst\u0101vju personas identifik\u0101cijas numurus tie\u0161\u0101 m\u0101rketinga nol\u016bkos.<\/p>\n<p>5.2. Gan re\u0123istr\u0113tie, gan nere\u0123istr\u0113tie locek\u013ci sa\u0146ems bi\u013cetenu, noklik\u0161\u0137inot uz pogas \u201cAbon\u0113t bi\u013cetenu\u201d, p\u0113c k\u0101 klients autom\u0101tiski s\u0101ks sa\u0146emt bi\u013cetenus, no kuriem var atteikties, noklik\u0161\u0137inot uz saites bi\u013cetena apak\u0161\u0101.\u00a0P\u0101rdev\u0113js visus inform\u0101cijas zi\u0146ojumus nos\u016bta uz e-pasta adresi, kas nor\u0101d\u012bta Pirc\u0113ja pas\u016bt\u012bjuma veidlap\u0101.<\/p>\n<p>5.3. Noklik\u0161\u0137inot uz pogas \u201ePas\u016bt\u012bt\u201c, Klients apstiprina, ka vi\u0146\u0161 (ja Klients ir fiziska persona) un vi\u0146a p\u0101rst\u0101vji ir inform\u0113ti par sav\u0101m ties\u012bb\u0101m piek\u013c\u016bt saviem personas datiem, kurus apstr\u0101d\u0101 Uz\u0146\u0113mums, un par to, k\u0101 tie tiek apstr\u0101d\u0101ti, piepras\u012bt to labo\u0161anu, izn\u012bcin\u0101t savus personas datus vai aptur\u0113t to apstr\u0101di, ja dati tiek apstr\u0101d\u0101ti, p\u0101rk\u0101pjot likuma noteikumus, un atteikties at\u013caut savu personas datu apstr\u0101di.<\/p>\n<p>5.4. Noklik\u0161\u0137inot uz pogas \u201ePas\u016bt\u012bt\u201c, Klients apstiprina, ka vi\u0146\u0161 un vi\u0146a p\u0101rst\u0101vji ir inform\u0113ti par sav\u0101m ties\u012bb\u0101m atteikties sniegt savus personas datus, bet saprot, ka personas dati ir nepiecie\u0161ami un b\u016btiski, lai nep\u0101rprotami identific\u0113tu Klientu un\/vai vi\u0146a p\u0101rst\u0101vjus l\u012bgumu sl\u0113g\u0161anas nol\u016bk\u0101, un ka, ja vi\u0146i nesniedz savus personas datus un\/vai nepiekr\u012bt to apstr\u0101dei iepriek\u0161 min\u0113tajiem m\u0113r\u0137iem, vi\u0146i nevar\u0113s nosl\u0113gt un\/vai izpild\u012bt l\u012bgumu.<\/p>\n<h6>6. Nobeiguma noteikumi<\/h6>\n<p>6.1. Uz\u0146\u0113mums patur ties\u012bbas groz\u012bt Noteikumus, public\u0113jot pazi\u0146ojumu sav\u0101 t\u012bmek\u013ca vietn\u0113.<\/p>\n<p>6.2. Noteikumu papildin\u0101jumi vai groz\u012bjumi st\u0101jas sp\u0113k\u0101 to public\u0113\u0161anas dien\u0101, t.i., dien\u0101, kad tie tiek public\u0113ti t\u012bmek\u013ca vietn\u0113.<\/p>\n<h4 style=\"font-size: 1.66667rem;\">Pre\u010du atgrie\u0161ana<\/h4>\n<h6 style=\"font-size: 1.06667rem;\">1. Pre\u010du atgrie\u0161anas noteikumi un nosac\u012bjumi:<\/h6>\n<p style=\"font-size: 15px;\">1.1   Pirc\u0113js var izmantot ties\u012bbas atgriezt kvalitat\u012bvu un neizmantotu produktu 14 (\u010detrpadsmit) dienu laik\u0101 no preces sa\u0146em\u0161anas dienas, par to pazi\u0146ojot P\u0101rdev\u0113jam.<\/p>\n<p style=\"font-size: 15px;\">1.2  Defekt\u012bvas preces j\u0101atgrie\u017e saska\u0146\u0101 ar likumdo\u0161an\u0101 paredz\u0113tajiem gad\u012bjumiem un proced\u016br\u0101m.<\/p>\n<p style=\"font-size: 15px;\">1.3  Kvalitat\u012bvu pre\u010du atgrie\u0161anai piem\u0113ro \u0161\u0101dus nosac\u012bjumus:<\/p>\n<ul style=\"font-size: 15px;\">\n<li style=\"font-size: 15px;\">Pirc\u0113ja pazi\u0146ojums p\u0101rdev\u0113jam par pre\u010du atgrie\u0161anu j\u0101iesniedz saska\u0146\u0101 ar pre\u010du atgrie\u0161anas noteikumiem \u2013 14 dienu laik\u0101 no pre\u010du sa\u0146em\u0161anas dienas.<\/li>\n<li style=\"font-size: 15px;\">Pirc\u0113js nedr\u012bkst boj\u0101t produktu.<\/li>\n<li style=\"font-size: 15px;\">Atgrieztais produkts j\u0101b\u016bt ori\u0123in\u0101laj\u0101, nesaboj\u0101t\u0101 iepakojum\u0101, neizmantotam (nep\u0101rbaud\u012btam) un lab\u0101 st\u0101vokl\u012b (eti\u0137etes neskartas, aizsargpl\u0113ve nav no\u0146emta utt.) (\u0161is nosac\u012bjums neattiecas uz boj\u0101ta produkta atgrie\u0161anu).<\/li>\n<li style=\"font-size: 15px;\">Atgriezt\u0101s preces st\u0101voklim j\u0101b\u016bt t\u0101dam pa\u0161am k\u0101 sa\u0146em\u0161anas br\u012bd\u012b.<\/li>\n<li style=\"font-size: 15px;\">Visas kop\u0101 ar ieg\u0101d\u0101taj\u0101m prec\u0113m sa\u0146emt\u0101s d\u0101vanas j\u0101atgrie\u017e kop\u0101 ar atgriezt\u0101m prec\u0113m.<\/li>\n<li style=\"font-size: 15px;\">Atgrie\u017eot preces, Jums ir j\u0101uzr\u0101da pirkuma \u010deks\/r\u0113\u0137ins un aizpild\u012bta pre\u010du atgrie\u0161anas piepras\u012bjuma veidlapa.<\/li>\n<\/ul>\n<p style=\"font-size: 15px;\">1.4 Ja preces nav piln\u012bgas, ir boj\u0101tas, net\u012bras vai nepareizi iesai\u0146otas, P\u0101rdev\u0113jam ir ties\u012bbas nepie\u0146emt preces, neapmain\u012bt t\u0101s un neatmaks\u0101t pirc\u0113ja par prec\u0113m samaks\u0101to naudu.<\/p>\n<h6 style=\"font-size: 1.06667rem;\">2. Pre\u010du atgrie\u0161ana:<\/h6>\n<p style=\"font-size: 15px;\">2.1  Kur atgriezt preces: Ja ir izpild\u012bti 1. punkt\u0101 min\u0113tie nosac\u012bjumi, l\u016bdzu, veiciet \u0161\u0101dus pas\u0101kumus, lai atgrieztu preces:<\/p>\n<ul style=\"font-size: 15px;\">\n<li style=\"font-size: 15px;\">Preces j\u0101nos\u016bta atpaka\u013c uz P\u0101rdev\u0113ja nor\u0101d\u012bto adresi. Kurjera pakalpojumu izmaksas sedz pirc\u0113js.<\/li>\n<li style=\"font-size: 15px;\">Atgrie\u017eot preces, jums ir j\u0101uzr\u0101da pirkuma \u010deks vai r\u0113\u0137ins un j\u0101aizpilda atgrie\u0161anas veidlapa.<\/li>\n<\/ul>\n<p style=\"font-size: 15px;\">2.2 K\u0101 nauda tiks atmaks\u0101ta?<\/p>\n<ul style=\"font-size: 15px;\">\n<li style=\"font-size: 15px;\">Ja preces tika pieg\u0101d\u0101tas ar kurjerpastu un atgrieztas ar citiem l\u012bdzek\u013ciem (pa pastu utt.), p\u0113c pre\u010du sa\u0146em\u0161anas un to st\u0101vok\u013ca nov\u0113rt\u0113\u0161anas par prec\u0113m samaks\u0101t\u0101 summa tiks atmaks\u0101ta 30 dienu laik\u0101 no atgrie\u0161anas dienas uz maks\u0101t\u0101ja nor\u0101d\u012bto bankas kontu.<\/li>\n<\/ul>\n<p style=\"font-size: 15px;\">3. Kur var v\u0113rsties, ja ir s\u016bdz\u012bbas par produktu?  Ja ir k\u0101das probl\u0113mas ar produktu vai pakalpojumu, kas ieg\u0101d\u0101ts m\u016bsu tie\u0161saistes veikal\u0101, l\u016bdzu, sazinieties ar mums pa e-pastu info@alixavien.lt.<\/p>","protected":false},"excerpt":{"rendered":"<p>Preki\u0173 u\u017esakymo sudarymas 1.\u00a0\u00a0 \u00a0PREKI\u0172 U\u017dSAKYMAS 1.1.\u00a0\u00a0 \u00a0 Tinklalapyje alixavien.lt prekes u\u017esakyti gali registruotas ir neregistruotas U\u017esakovas. 1.2.\u00a0 \u00a0 U\u017esakovo u\u017esakymai registruojami elektronin\u0117je alixavien.lt duomen\u0173 baz\u0117je. 2.\u00a0\u00a0 \u00a0U\u017dSAKOVO TEIS\u0116S IR PAREIGOS 2.1.\u00a0\u00a0 \u00a0U\u017esakovas turi teis\u0119 u\u017esakyti savo nuo\u017ei\u016bra pasirinktas prekes alixavien.lt tinklalapyje \u0161iose taisykl\u0117se nustatyta tvarka. 2.2.\u00a0 \u00a0U\u017esakovas turi teis\u0119 atsisakyti, \u00a0gr\u0105\u017einti alixavien.lt tinklapyje u\u017esakytas [&hellip;]<\/p>\n","protected":false},"author":1,"featured_media":0,"parent":0,"menu_order":0,"comment_status":"closed","ping_status":"closed","template":"","meta":{"inline_featured_image":false,"site-sidebar-layout":"default","site-content-layout":"","ast-site-content-layout":"default","site-content-style":"default","site-sidebar-style":"default","ast-global-header-display":"","ast-banner-title-visibility":"","ast-main-header-display":"","ast-hfb-above-header-display":"","ast-hfb-below-header-display":"","ast-hfb-mobile-header-display":"","site-post-title":"","ast-breadcrumbs-content":"","ast-featured-img":"","footer-sml-layout":"","ast-disable-related-posts":"","theme-transparent-header-meta":"","adv-header-id-meta":"","stick-header-meta":"","header-above-stick-meta":"","header-main-stick-meta":"","header-below-stick-meta":"","astra-migrate-meta-layouts":"default","ast-page-background-enabled":"default","ast-page-background-meta":{"desktop":{"background-color":"var(--ast-global-color-4)","background-image":"","background-repeat":"repeat","background-position":"center center","background-size":"auto","background-attachment":"scroll","background-type":"","background-media":"","overlay-type":"","overlay-color":"","overlay-opacity":"","overlay-gradient":""},"tablet":{"background-color":"","background-image":"","background-repeat":"repeat","background-position":"center center","background-size":"auto","background-attachment":"scroll","background-type":"","background-media":"","overlay-type":"","overlay-color":"","overlay-opacity":"","overlay-gradient":""},"mobile":{"background-color":"","background-image":"","background-repeat":"repeat","background-position":"center center","background-size":"auto","background-attachment":"scroll","background-type":"","background-media":"","overlay-type":"","overlay-color":"","overlay-opacity":"","overlay-gradient":""}},"ast-content-background-meta":{"desktop":{"background-color":"var(--ast-global-color-5)","background-image":"","background-repeat":"repeat","background-position":"center center","background-size":"auto","background-attachment":"scroll","background-type":"","background-media":"","overlay-type":"","overlay-color":"","overlay-opacity":"","overlay-gradient":""},"tablet":{"background-color":"var(--ast-global-color-5)","background-image":"","background-repeat":"repeat","background-position":"center center","background-size":"auto","background-attachment":"scroll","background-type":"","background-media":"","overlay-type":"","overlay-color":"","overlay-opacity":"","overlay-gradient":""},"mobile":{"background-color":"var(--ast-global-color-5)","background-image":"","background-repeat":"repeat","background-position":"center center","background-size":"auto","background-attachment":"scroll","background-type":"","background-media":"","overlay-type":"","overlay-color":"","overlay-opacity":"","overlay-gradient":""}},"footnotes":""},"class_list":["post-2567","page","type-page","status-publish","hentry"],"_hostinger_reach_plugin_has_subscription_block":false,"_hostinger_reach_plugin_is_elementor":false,"_links":{"self":[{"href":"https:\/\/alixavien.lt\/lv\/wp-json\/wp\/v2\/pages\/2567","targetHints":{"allow":["GET"]}}],"collection":[{"href":"https:\/\/alixavien.lt\/lv\/wp-json\/wp\/v2\/pages"}],"about":[{"href":"https:\/\/alixavien.lt\/lv\/wp-json\/wp\/v2\/types\/page"}],"author":[{"embeddable":true,"href":"https:\/\/alixavien.lt\/lv\/wp-json\/wp\/v2\/users\/1"}],"replies":[{"embeddable":true,"href":"https:\/\/alixavien.lt\/lv\/wp-json\/wp\/v2\/comments?post=2567"}],"version-history":[{"count":0,"href":"https:\/\/alixavien.lt\/lv\/wp-json\/wp\/v2\/pages\/2567\/revisions"}],"wp:attachment":[{"href":"https:\/\/alixavien.lt\/lv\/wp-json\/wp\/v2\/media?parent=2567"}],"curies":[{"name":"wp","href":"https:\/\/api.w.org\/{rel}","templated":true}]}}