{"id":2656,"date":"2023-11-13T18:35:44","date_gmt":"2023-11-13T18:35:44","guid":{"rendered":"http:\/\/alixavien.lt\/?page_id=2656"},"modified":"2024-01-04T16:06:59","modified_gmt":"2024-01-04T16:06:59","slug":"privatuma-politika","status":"publish","type":"page","link":"https:\/\/alixavien.lt\/lv\/privatumo-politika\/","title":{"rendered":"Priv\u0101tuma politika"},"content":{"rendered":"<\/p>\n\n\n<h1>Privatumo politika<\/h1>\n<p>Privatumo politikos tikslas \u2013 informuoti kaip yra renkami ir tvarkomi duomen\u0173 subjekt\u0173 asmens duomenys, paai\u0161kinti, kiek laiko saugomi, kam teikiami, kokias teises turi duomen\u0173 subjektai bei kur kreiptis d\u0117l j\u0173 \u012fgyvendinimo ar kitais su asmens duomen\u0173 tvarkymu susijusiais klausimais.<\/p><p>Asmens duomenys tvarkomi vadovaujantis Europos S\u0105jungos Bendruoju duomen\u0173 apsaugos reglamentu (ES) 2016\/679 (toliau \u2013 Reglamentas), Lietuvos Respublikos asmens duomen\u0173 teisin\u0117s apsaugos \u012fstatymu bei kitais teis\u0117s aktais, reglamentuojan\u010diais asmens duomen\u0173 apsaug\u0105.&nbsp;<br>MB \u201eJazbArt Beauty\u201c vadovaujasi \u0161iais pagrindiniais duomen\u0173 tvarkymo principais:<\/p>\n<ul>\n<li>asmens duomenys tvarkomi tik teis\u0117tai, s\u0105\u017einingai ir skaidriai (teis\u0117tumo, s\u0105\u017einingumo ir skaidrumo principas);<\/li>\n<li>asmens duomenys renkami tik ai\u0161kiai apibr\u0117\u017etais ir teis\u0117tais tikslais (tikslo apribojimo principas);<\/li>\n<li>asmens duomenys tvarkomi adekvat\u016bs, tinkami ir tik tokie, kuri\u0173 reikia siekiant tiksl\u0173, d\u0117l kuri\u0173 jie tvarkomi (duomen\u0173 kiekio ma\u017einimo principas);<\/li>\n<li>asmens duomenys tvarkomi tiksl\u016bs ir nuolat atnaujinami (tikslumo principas);<\/li>\n<li>asmens duomenys saugomi saugiai ir ne ilgiau nei to reikalauja nustatyti duomen\u0173 tvarkymo tikslai ar teis\u0117s aktai (saugojimo trukm\u0117s apribojimo principas);<\/li>\n<li>asmens duomenys tvarkomi taikant atitinkamas technines ar organizacines priemones, kad b\u016bt\u0173 u\u017etikrintas tinkamas asmens duomen\u0173 saugumas (vientisumo ir konfidencialumo principas).<\/li>\n<\/ul>\n<h6><strong>1. S\u0104VOKOS<\/strong><\/h6>\n<strong>&nbsp;<\/strong>\n<p>1.1. Duomen\u0173 valdytojas \u2013 MB \u201eJazbArt Beauty\u201c (toliau \u2013 \u012emon\u0117), juridinio asmens kodas 305570548, buvein\u0117s adresas Neringos g. 57E, Rusn\u0117, LT-99349 \u0160ilut\u0117s r.<br>1.2. Duomen\u0173 subjektas \u2013 bet kuris fizinis asmuo, kurio duomenis tvarko \u012emon\u0117. Duomen\u0173 valdytojas renka tik tuos duomen\u0173 subjekto duomenis, kurie yra reikalingi vykdant \u012emon\u0117s veikl\u0105 ir (ar) lankantis, naudojant, nar\u0161ant \u012emon\u0117s interneto svetain\u0117se ir pan. (toliau \u2013 Svetain\u0117). \u012emon\u0117 u\u017etikrina, kad renkami ir apdorojami asmens duomenys bus saug\u016bs ir bus naudojami tik konkre\u010diam tikslui.<br>1.3. Asmens duomenys \u2013 bet kuri informacija, tiesiogiai arba netiesiogiai susijusi su duomen\u0173 subjektu, kurio tapatyb\u0117 yra \u017einoma arba gali b\u016bti tiesiogiai ar netiesiogiai nustatyta pasinaudojant atitinkamais duomenimis. Asmens duomen\u0173 tvarkymas, tai bet kokia su asmens duomenimis atliekama operacija (\u012fskaitant rinkim\u0105, \u012fra\u0161ym\u0105, saugojim\u0105, redagavim\u0105, keitim\u0105, prieigos suteikim\u0105, u\u017eklaus\u0173 pateikim\u0105, perdavim\u0105, archyvavim\u0105 ir kt.).&nbsp;<br>1.4. Sutikimas \u2013 bet koks laisva valia ir s\u0105moningai duotas patvirtinimas, kuriuo duomen\u0173 subjektas sutinka, kad jo asmens duomenys b\u016bt\u0173 tvarkomi konkre\u010diu tikslu.<\/p>\n<h6><strong>2. ASMENS DUOMEN\u0172 \u0160ALTINIAI<\/strong><\/h6>\n2.1. Asmens duomenis duomen\u0173 subjektas pateikia pats. Duomen\u0173 subjektas kreipiasi \u012f \u012emon\u0119, naudojasi \u012emon\u0117s teikiamomis paslaugomis, perka prekes ir (ar) paslaugas, dalyvauja lojalumo programoje ar konkursuose, palieka komentarus, u\u017eduoda klausimus, prenumeruoja naujienlai\u0161kius, kreipiasi \u012f \u012emon\u0119 pra\u0161ant suteikti informacij\u0105 ir pan.&nbsp;\n<p>2.2. Asmens duomenys gaunami duomen\u0173 subjektui lankantis \u012emon\u0117s svetain\u0117je. Duomen\u0173 subjektas pildo joje esan\u010dias formas arba d\u0117l kokios nors prie\u017easties palieka savo kontaktinius duomenis ir pan.<br>2.3. Asmens duomenys gaunami i\u0161 kit\u0173 \u0161altini\u0173. Duomenys gaunami i\u0161 kit\u0173 \u012fstaig\u0173 ar \u012fmoni\u0173, vie\u0161ai prieinam\u0173 registr\u0173 ir pan.<\/p>\n<h6><strong>3. ASMENS DUOMEN\u0172 TVARKYMAS<\/strong><\/h6>\n3.1. Pateikdamas duomen\u0173 subjektas \u012emonei asmens duomenis sutinka, kad \u012emon\u0117 naudot\u0173 surinktus duomenis vykdydama savo \u012fsipareigojimus duomen\u0173 subjektui, teikdama paslaugas, kuri\u0173 duomen\u0173 subjektas tikisi.&nbsp;\n3.2. Asmens duomenis \u012emon\u0117 tvarko \u0161iais tikslais:\n&nbsp;\n3.2.1. \u012emon\u0117s teikiam\u0173, gaunam\u0173 paslaug\u0173, preki\u0173 sutar\u010di\u0173 su duomen\u0173 subjektu sudarymas ir vykdymas; kontakt\u0173 i\u0161saugojimas, u\u017etikrinant galimyb\u0119 susisiekti su jais; Mokes\u010di\u0173 apskaita ir \u012fmok\u0173 kontrol\u0117. \u0160iuo tikslu tvarkomi \u0161ie duomenys:&nbsp;\n<ul>\n<li>Vardas (-ai), pavard\u0117 (-\u0117s);<\/li>\n<li>Ry\u0161i\u0173 duomenys (telefono numeris, elektroninio pa\u0161to adresas);<\/li>\n<li>Darboviet\u0117 ir pareigos (jei informacija teikiama kaip juridinio asmens atstovas);<\/li>\n<li>Gyvenamosios vietos adresas (PVM s\u0105skaitai fakt\u016brai);<\/li>\n<li>Banko s\u0105skaitos duomenys.<\/li>\n<\/ul>\n3.2.2. U\u017eklaus\u0173, komentar\u0173 ir nusiskundim\u0173 administravimas. \u0160iuo tikslu tvarkomi \u0161ie duomenys:\n<ul>\n<li>Vardas (-ai);&nbsp;<\/li>\n<li>Ry\u0161i\u0173 duomenys (telefono numeris, elektroninio pa\u0161to adresas);<\/li>\n<li>Klausimo, komentaro ar nusiskundimo tekstas.<\/li>\n<\/ul>\n<p>3.2.3. Tiesiogin\u0117 rinkodara, lojalumo korteli\u0173 administravimas. \u0160iuo tikslu tvarkomi \u0161ie duomenys:<\/p>\n<ul>\n<li>Vardas (-ai), pavard\u0117 (-\u0117s);<\/li>\n<li>Gimimo data (am\u017eius);<\/li>\n<li>Lytis;<\/li>\n<li>Miestas;<\/li>\n<li>Ry\u0161i\u0173 duomenys (telefono numeris, elektroninio pa\u0161to adresas);<\/li>\n<\/ul>\n<p>3.2.4. Elektronin\u0117 prekyba. \u0160iuo tikslu tvarkomi \u0161ie duomenys:<br>Kliento \/ pirk\u0117jo identifikavimui:<\/p>\n<ul>\n<li>Vardas (-ai), pavard\u0117 (-\u0117s);<\/li>\n<\/ul>\n<p>Susisiekimui su klientu \/ pirk\u0117ju:<\/p>\n<ul>\n<li>Ry\u0161i\u0173 duomenys (telefono numeris, elektroninio pa\u0161to adresas).<\/li>\n<\/ul>\n<p>U\u017esakymo pristatymui:<\/p>\n<ul>\n<li>Preki\u0173 pristatymo adresas.<\/li>\n<\/ul>\n<p>Pirkimui \u012fvykdyti:&nbsp;<\/p>\n<ul>\n<li>Prek\u0117s\/paslaugos apmok\u0117jimo duomenys (banko s\u0105skaitos Nr., apmok\u0117jimo b\u016bdas ir pan.);<\/li>\n<li>Pirkimo istorija (\u012fsigytos prek\u0117s ir\/ar paslaugos, kaina, kiekies);<\/li>\n<li>U\u017esakymo data;<\/li>\n<li>Pirkinio kvito Nr.<\/li>\n<\/ul>\n<p>3.2.5. Kitais tikslais, kuriais \u012emon\u0117 turi teis\u0119 tvarkyti duomen\u0173 subjekto asmens duomenis, kai duomen\u0173 subjektas i\u0161rei\u0161k\u0117 savo sutikim\u0105, kai duomenis reikia tvarkyti d\u0117l \u012emon\u0117s teis\u0117to intereso arba kai tvarkyti duomenis \u012emon\u0119 \u012fpareigoja atitinkami teis\u0117s aktai.<\/p>\n&nbsp;\n<h6><strong>4. ASMENS DUOMEN\u0172 TEIKIMAS<\/strong><\/h6>\n<p>4.1. \u012emon\u0117 \u012fsipareigoja laikytis konfidencialumo pareigos duomen\u0173 subjekt\u0173 at\u017evilgiu. Asmens duomenys gali b\u016bti atskleisti tre\u010diosioms \u0161alims tik tada, jeigu to reikia sutar\u010diai duomen\u0173 subjekto naudai sudaryti ir vykdyti, arba d\u0117l kit\u0173 teis\u0117t\u0173 prie\u017eas\u010di\u0173.<br>4.2. \u012emon\u0117 gali pateikti asmens duomenis savo duomen\u0173 tvarkytojams, kurie teikia \u012emonei paslaugas ir tvarko asmens duomenis \u012emon\u0117s vardu. Duomen\u0173 tvarkytojai turi teis\u0119 tvarkyti asmens duomenis tik pagal \u012emon\u0117s nurodymus ir tik ta apimtimi, kiek tai yra b\u016btina siekiant tinkamai vykdyti sutartyje nustatytus \u012fsipareigojimus. \u012emon\u0117 pasitelkia tik tuos duomen\u0173 tvarkytojus, kurie pakankamai u\u017etikrina, kad tinkamos technin\u0117s ir organizacin\u0117s priemon\u0117s bus \u012fgyvendintos tokiu b\u016bdu, kad duomen\u0173 tvarkymas atitikt\u0173 Reglamento reikalavimus ir b\u016bt\u0173 u\u017etikrinta duomen\u0173 subjekto teisi\u0173 apsauga.&nbsp;<br>4.3. \u012emon\u0117 taip pat gali teikti asmens duomenis atsakydama \u012f teismo arba valstybini\u0173 institucij\u0173 pra\u0161ymus ta apimtimi, kiek tai b\u016btina siekiant tinkamai vykdyti galiojan\u010dius teis\u0117s aktus ir valstybini\u0173 institucij\u0173 nurodymus.<br>4.4. \u012emon\u0117 garantuoja, kad asmens duomenys nebus nei pardavin\u0117jami, nei nuomojami tretiesiems asmenims.&nbsp;<\/p>\n<h6><strong>5. ASMENS DUOMEN\u0172 SAUGOJIMO TERMINAS<\/strong><\/h6>\n<p>5.1. \u012emon\u0117s surinkti asmens duomenys yra saugomi spausdintiniuose dokumentuose ir (arba) \u012emon\u0117s informacin\u0117se sistemose. Asmens duomenys tvarkomi ne ilgiau, negu reikia duomen\u0173 tvarkymo tikslams pasiekti arba ne ilgiau nei to reikalauja duomen\u0173 subjektai ir (ar) numato teis\u0117s aktai.&nbsp;<br>5.2. Nors duomen\u0173 subjektas gali nutraukti sutart\u012f ir atsisakyti \u012emon\u0117s paslaug\u0173, ta\u010diau \u012emon\u0117 ir toliau privalo saugoti duomen\u0173 subjekto duomenis d\u0117l galb\u016bt ateityje atsirasian\u010di\u0173 reikalavim\u0173 ar teisini\u0173 pretenzij\u0173 tol, kol pasibaigs duomen\u0173 saugojimo terminai.<\/p>\n<h6><strong>6. DUOMEN\u0172 SUBJEKTO TEIS\u0116S<\/strong><\/h6>\n6.1. Teis\u0117 gauti informacij\u0105 apie duomen\u0173 tvarkym\u0105.\n<p>6.2. Teis\u0117 susipa\u017einti su tvarkomais duomenimis.&nbsp;<br>6.3. Teis\u0117 reikalauti i\u0161taisyti duomenis.<br>6.4. Teis\u0117 reikalauti i\u0161trinti duomenis (\u201eTeis\u0117 b\u016bti pamir\u0161tam\u201c). \u0160i teis\u0117 netaikoma, jei asmens duomenys, kuriuos pra\u0161oma i\u0161trinti, yra tvarkomi ir kitu teisiniu pagrindu, tokiu kaip tvarkymas b\u016btinas sutarties vykdymui arba yra pareigos pagal taikomus teis\u0117s aktus vykdymas.<br>6.5. Teis\u0117 apriboti duomen\u0173 tvarkym\u0105.<br>6.6. Teis\u0117 nesutikti su duomen\u0173 tvarkymu.<br>6.7. Teis\u0117 \u012f duomen\u0173 perkeliamum\u0105. Teis\u0117 \u012f duomen\u0173 perkeliamum\u0105 negali daryti neigiamo poveikio kit\u0173 teis\u0117ms ir laisv\u0117ms.&nbsp;<br>6.8. Teis\u0117 reikalauti, kad neb\u016bt\u0173 taikomas tik automatizuotu duomen\u0173 tvarkymu, \u012fskaitant profiliavim\u0105, grind\u017eiamas sprendimas.<br>6.9. Teis\u0117 pateikti skund\u0105 d\u0117l asmens duomen\u0173 tvarkymo Valstybinei duomen\u0173 apsaugos inspekcijai.<br>6.10. \u012emon\u0117 privalo sudaryti s\u0105lygas duomen\u0173 subjektui \u012fgyvendinti pirmiau nurodytas Duomen\u0173 subjekto teises, i\u0161skyrus \u012fstatym\u0173 nustatytus atvejus, kai reikia u\u017etikrinti valstyb\u0117s saugum\u0105 ar gynyb\u0105, vie\u0161\u0105j\u0105 tvark\u0105, nusikalstam\u0173 veikl\u0173 prevencij\u0105, tyrim\u0105, nustatym\u0105 ar baud\u017eiam\u0105j\u012f persekiojim\u0105, svarbius valstyb\u0117s ekonominius ar finansinius interesus, tarnybin\u0117s ar profesin\u0117s etikos pa\u017eeidim\u0173 prevencij\u0105, tyrim\u0105 ir nustatym\u0105, duomen\u0173 subjekto ar kitu asmen\u0173 teisi\u0173 ir laisvi\u0173 apsaug\u0105.<\/p>\n<h6><strong>7. DUOMEN\u0172 SUBJEKTO TEISI\u0172 \u012eGYVENDINIMO TVARKA<\/strong><\/h6>\n<p>7.1. Duomen\u0173 subjektas, d\u0117l savo teisi\u0173 \u012fgyvendinimo, gali kreiptis \u012f \u012emon\u0119:<br>7.1.1. teikiant ra\u0161ytin\u012f pra\u0161ym\u0105 asmeni\u0161kai, elektronini\u0173 ry\u0161i\u0173 priemon\u0117mis \u2013 el. pa\u0161tu:&nbsp;info@alixavien.lt; Pra\u0161ymas turi b\u016bti \u012fskaitomas, duomen\u0173 subjekto pasira\u0161ytas, naudojant laisv\u0105 pra\u0161ymo form\u0105 ir format\u0105.<br>7.1.2. \u017eod\u017eiu \u2013 telefonu +370666 43 817;&nbsp;<br>7.2. Siekdami apsaugoti duomenis nuo neteis\u0117to atskleidimo, \u012emon\u0117 gavusi duomen\u0173 subjekto pra\u0161ym\u0105 pateikti duomenis ar \u012fgyvendinti kitas teises, privalo patikrinti duomen\u0173 subjekto tapatyb\u0119.<br>7.3. \u012emon\u0117s atsakymas duomen\u0173 subjektui suteikiamas ne v\u0117liau kaip per vien\u0105 m\u0117nes\u012f nuo duomen\u0173 subjekto pra\u0161ymo gavimo dienos, atsi\u017evelgiant \u012f konkre\u010dias asmens duomen\u0173 tvarkymo aplinkybes. \u0160is laikotarpis prireikus gali b\u016bti prat\u0119stas dar dviem m\u0117nesiams, atsi\u017evelgiant \u012f pra\u0161ym\u0173 sud\u0117tingum\u0105 ir skai\u010di\u0173.<\/p>\n<h6><strong>8. DUOMEN\u0172 SUBJEKTO ATSAKOMYB\u0116<\/strong>&nbsp;<\/h6>\n8.1. Duomen\u0173 subjektas turi:\n<p>8.1.1. informuoti \u012emon\u0119 apie pateiktos informacijos ir duomen\u0173 pasikeitimus. \u012emonei svarbu tur\u0117ti teising\u0105 ir galiojan\u010di\u0105 duomen\u0173 subjekto informacij\u0105;<br>8.1.2. pateikti reikaling\u0105 informacij\u0105, kad esant duomen\u0173 subjekto pra\u0161ymui \u012emon\u0117 gal\u0117t\u0173 identifikuoti duomen\u0173 subjekt\u0105 ir \u012fsitikinti, kad bendrauja arba bendradarbiauja tikrai su konkre\u010diu duomen\u0173 subjektu (pateikti asmens tapatyb\u0119 patvirtinant\u012f dokument\u0105 arba teis\u0117s akt\u0173 nustatyta tvarka ar elektronini\u0173 ry\u0161i\u0173 priemon\u0117mis, kurios leist\u0173 tinkamai identifikuoti duomen\u0173 subjekt\u0105). Tai reikalinga duomen\u0173 subjekto ir kit\u0173 asmen\u0173 duomen\u0173 apsaugai, kad atskleista informacija apie duomen\u0173 subjekt\u0105 b\u016bt\u0173 pateikta tik duomen\u0173 subjektui, nepa\u017eeid\u017eiant kit\u0173 asmen\u0173 teisi\u0173.<\/p>\n<h6><strong>9. BAIGIAMOSIOS NUOSTATOS&nbsp;<\/strong><\/h6>\n<p>9.1. Perduodamas \u012emonei asmens duomenis, duomen\u0173 subjektas sutinka su \u0161ia Privatumo politika, supranta jos nuostatas ir sutinka jos laikytis.&nbsp;<br>9.2. Pl\u0117tojant ir tobulinant \u012emon\u0117s veikl\u0105, \u012emon\u0117 turi teis\u0119 bet kuriuo metu viena\u0161ali\u0161kai pakeisti \u0161i\u0105 Privatumo politik\u0105. \u012emon\u0117 turi teis\u0119 viena\u0161ali\u0161kai, i\u0161 dalies ar visi\u0161kai pakeisti Privatumo politik\u0105 apie tai prane\u0161dama internetin\u0117je svetain\u0117je.<br>9.3. Privatumo politikos papildymai ar pakeitimai \u012fsigalioja nuo j\u0173 paskelbimo dienos, t. y., nuo tos dienos, kai jie yra patalpinami internetin\u0117je svetain\u0117je.<\/p>\n<h6><strong>10.&nbsp; NAUDOJAMI SLAPUKAI<\/strong><\/h6>\n10.1. Siekdama pagerinti Svetain\u0117s veikim\u0105, kad duomen\u0173 subjektai (lankytojai) lengvai rast\u0173 tai, ko ie\u0161ko, \u012emon\u0117 naudoja \u0161iuos slapukus:\n<ul>\n<li><b>Veikim\u0105 gerinantys b\u016btini (sesijos) slapukai.<\/b> Jie skirti pagerinti Svetain\u0117s veikim\u0105 ir renka bendro pob\u016bd\u017eio (anonimin\u0119) informacij\u0105 apie naudojim\u0105si Svetaine;<\/li>\n<li><b>Analitiniai slapukai. <\/b>\u0160ie slapukai leid\u017eia \u012emonei atpa\u017einti ir suskai\u010diuoti Svetain\u0117s lankytojus bei steb\u0117ti, kaip lankytojai juda po Svetain\u0119 ja naudodamiesi. Tai padeda \u012emonei pagerinti Svetain\u0117s veikim\u0105, pavyzd\u017eiui, u\u017etikrinti, kad duomen\u0173 subjektai gal\u0117t\u0173 lengvai rasti tai, ko ie\u0161ko. \u0160i\u0173 slapuk\u0173 renkam\u0173 duomen\u0173 tvarkymo pagrindas yra duomen\u0173 subjekt\u0173 sutikimas;<\/li>\n<li><b>Marketinginiai slapukai.<\/b> \u0160ie slapukai leid\u017eia Svetainei \u012fsiminti duomen\u0173 subjekto pasirinktus dalykus (tokius, kaip duomen\u0173 subjekto prisijungimo duomenys) ir pasi\u016blyti patobulintas, duomen\u0173 subjektui asmeni\u0161kai pritaikytas funkcijas.<\/li>\n<\/ul>\n<style>\n    table {\n        border-collapse: collapse;\n        width: 100%;\n    }\n\n    th, td {\n        border: 1px solid black;\n        padding: 8px;\n        text-align: left;\n    }\n\n    .section-title {\n        font-weight: bold;\n        background-color: #f2f2f2;\n    }\n<\/style>\n<table>\n    <thead>\n        <tr>\n            <th style=\"text-align: left;\">Slapuko pavadinimas<\/th>\n            <th style=\"text-align: left;\">Apra\u0161ymas<\/th>\n        <\/tr>\n    <\/thead>\n    <tbody>\n        <tr>\n            <td colspan=\"100%\">B\u016btini<\/td>\n        <\/tr>\n        <tr>\n            <td>woocommerce_cart_hash<\/td>\n            <td>Padeda \u201eWooCommerce\u201c nustatyti, kada kei\u010diasi krep\u0161elio turinys\/duomenys<\/td>\n        <\/tr>\n        <tr>\n            <td>woocommerce_items_in_cart<\/td>\n            <td>U\u017efiksuoja preki\u0173 skai\u010di\u0173 pirkini\u0173 krep\u0161elyje.<\/td>\n        <\/tr>\n        <tr>\n            <td>wp_woocommerce_session_<\/td>\n            <td>Saugo unikal\u0173 kod\u0105 kiekvienam klientui, kad b\u016bt\u0173 \u017einoma, kur duomen\u0173 baz\u0117je rasti kiekvieno kliento krep\u0161elio duomenis.<\/td>\n        <\/tr>\n        <tr>\n            <td>woocommerce_recently_viewed<\/td>\n            <td>Veikia \u201eNeseniai per\u017ei\u016br\u0117t\u0173\u201c produkt\u0173 funkcionalum\u0105.<\/td>\n        <\/tr>\n        <tr>\n            <td>store_notice[notice id]<\/td>\n            <td>Leid\u017eia klientams atmesti Parduotuv\u0117s prane\u0161im\u0105.<\/td>\n        <\/tr>\n        <tr>\n            <td colspan=\"100%\">Analitika<\/td>\n        <\/tr>\n        <tr>\n            <td>_ga<\/td>\n            <td>\u0160\u012f slapuk\u0105 \u012fdiegia \u201eGoogle Analytics\u201c. Jis naudojamas apskai\u010diuoti lankytoj\u0173, sesij\u0173, kampanij\u0173 duomenis ir steb\u0117ti svetain\u0117s naudojim\u0105 analitikos ataskaitai. Slapukai saugo informacij\u0105 anonimi\u0161kai ir priskiria atsitiktinai sugeneruot\u0105 numer\u012f unikaliems lankytojams identifikuoti.<\/td>\n        <\/tr>\n        <tr>\n            <td>_ga_[XXXXXXXXXX}<\/td>\n            <td> \u0160\u012f slapuk\u0105 \u012fdiegia \u201eGoogle Analytics\u201c.<\/td>\n        <\/tr>\n        <tr>\n            <td>_gat_gtag<\/td>\n            <td>Svetain\u0117s identifikavimo kodas lankomumo steb\u0117jimui.<\/td>\n        <\/tr>\n        <tr>\n            <td>_gid<\/td>\n            <td>\u0160\u012f slapuk\u0105 \u012fdiegia \u201eGoogle Analytics\u201c. Slapukas naudojamas saugoti informacij\u0105 apie tai, kaip lankytojai naudojasi svetaine, ir padeda kurti analitikos ataskait\u0105 apie svetain\u0117s veikl\u0105. Renkami duomenys apima lankytoj\u0173 skai\u010di\u0173, i\u0161 kur jie at\u0117jo \u0161altin\u012f ir anonimi\u0161kai aplankyti puslapiai.<\/td>\n        <\/tr>\n        <tr>\n            <td>tk_ai<\/td>\n            <td>Renka informacij\u0105 m\u016bs\u0173 pa\u010di\u0173 pirmosios \u0161alies analiz\u0117s \u012frankiui apie tai, kaip naudojamos m\u016bs\u0173 paslaugos. Tai yra vidini\u0173 metrik\u0173 rinkinys vartotojo veiklai ir naudojamas vartotojo patirties gerinimui.<\/td>\n        <\/tr>\n        <tr>\n            <td>tk_lr<\/td>\n            <td>\u0160\u012f slapuk\u0105 nustato \u201eJetPack\u201c \u012fskiepis svetain\u0117se, naudojan\u010diose \u201eWooCommerce\u201c. Tai yra siuntimo slapukas, naudojamas \u201eJetpack\u201c siunt\u0117jo elgsenos analizei.<\/td>\n        <\/tr>\n        <tr>\n            <td>tk_or<\/td>\n            <td>\u0160\u012f slapuk\u0105 nustato \u201eJetPack\u201c \u012fskiepis svetain\u0117se, naudojan\u010diose \u201eWooCommerce\u201c. Tai yra siuntimo slapukas, naudojamas \u201eJetpack\u201c siunt\u0117jo elgsenos analizei.<\/td>\n        <\/tr>\n        <tr>\n            <td>tk_qs<\/td>\n            <td>Renka informacij\u0105 m\u016bs\u0173 pa\u010di\u0173 pirmosios \u0161alies analiz\u0117s \u012frankiui apie tai, kaip naudojamos m\u016bs\u0173 paslaugos. Tai yra vidini\u0173 metrik\u0173 rinkinys vartotojo veiklai ir naudojamas vartotojo patirties gerinimui.<\/td>\n        <\/tr>\n        <tr>\n            <td>tk_r3d<\/td>\n            <td>\u0160\u012f slapuk\u0105 \u012fdiegia \u201eJetPack\u201c. Naudojamas vidin\u0117ms vartotojo veikl\u0173 metrikoms, siekiant pagerinti vartotojo patirt\u012f.<\/td>\n        <\/tr>\n        <tr>\n            <td colspan=\"100%\">Reklama<\/td>\n        <\/tr>\n        <tr>\n            <td>_fbp<\/td>\n            <td>\u0160\u012f slapuk\u0105 nustato \u201eFacebook\u201c, siekiant pristatyti reklamas, kai lankytojai yra \u201eFacebook\u201c arba skaitmenin\u0117je platformoje, kuri veikia naudojant \u201eFacebook\u201c reklam\u0105, apsilankius \u0161ioje svetain\u0117je.<\/td>\n        <\/tr>\n        <tr>\n            <td>fr<\/td>\n            <td>\u0160\u012f slapuk\u0105 nustato \u201eFacebook\u201c, siekiant rodyti vartotojams aktualias reklamas bei matuoti ir gerinti reklam\u0173 veiksmingum\u0105. Slapukas taip pat seka vartotojo elgsen\u0105 internete svetain\u0117se, kuriose yra \u201eFacebook Pixel\u201c arba \u201eFacebook\u201c socialinis \u012fskiepis.<\/td>\n        <\/tr>\n    <\/tbody>\n<\/table>\n<p>\nKaip valdyti ir i\u0161trinti slapukus\n<\/p>\n<p>\nKai naudojate nar\u0161ykl\u0119 m\u016bs\u0173 teikiamam turiniui pasiekti, galite konfig\u016bruoti savo nar\u0161ykl\u0119 taip, kad b\u016bt\u0173 priimti visi slapukai, atmesti visi slapukai arba b\u016bt\u0173 prane\u0161ama, kai slapukas atsiun\u010diamas. Kiekviena nar\u0161ykl\u0117 skirtinga, tod\u0117l, jei ne\u017einote, kaip pakeisti slapuk\u0173 nuostatas, pasi\u017ei\u016br\u0117kite jos \u017einyno meniu. J\u016bs\u0173 \u012frenginio operacin\u0117je sistemoje gali b\u016bti papildom\u0173 slapuk\u0173 valdikli\u0173. Jei nenorite, kad informacija b\u016bt\u0173 renkama slapuk\u0173 pagalba, pasinaudokite daugelyje nar\u0161ykli\u0173 esama paprasta proced\u016bra, kuri leid\u017eia jums atsisakyti slapuk\u0173 naudojimosi. Nor\u0117dami daugiau su\u017einoti, kaip valdyti slapukus, apsilankykite adresu: http:\/\/www.allaboutcookies.org\/manage-cookies\/.\n<\/p>\n<p>\nTa\u010diau atkreipiame d\u0117mes\u012f, kad kai kuriais atvejais slapuk\u0173 i\u0161trynimas gali sul\u0117tinti nar\u0161ymo internete spart\u0105, apriboti tam tikr\u0173 interneto svetain\u0117s funkcij\u0173 veikim\u0105 arba blokuoti prieig\u0105 prie svetain\u0117s.\n<\/p>\n<p>\nM\u016bs\u0173 svetain\u0117je gali b\u016bti nuorod\u0173 \u012f kit\u0173 asmen\u0173, \u012fmoni\u0173 ar organizacij\u0173 interneto tinklalapius. Atkreipiame d\u0117mes\u012f, kad Duomen\u0173 valdytojas n\u0117ra atsakingas u\u017e toki\u0173 interneto tinklalapi\u0173 turin\u012f ar j\u0173 naudojamus privatumo u\u017etikrinimo principus. Tad jei paspaud\u0119 nuorod\u0105 i\u0161 Duomen\u0173 valdytojo interneto svetain\u0117s pateksite \u012f kitus tinklalapius, tur\u0117tum\u0117te atskirai pasidom\u0117ti j\u0173 Privatumo politika.\n<\/p>\n\n\n","protected":false},"excerpt":{"rendered":"<p>Privatumo politika Privatumo politikos tikslas \u2013 informuoti kaip yra renkami ir tvarkomi duomen\u0173 subjekt\u0173 asmens duomenys, paai\u0161kinti, kiek laiko saugomi, kam teikiami, kokias teises turi duomen\u0173 subjektai bei kur kreiptis d\u0117l j\u0173 \u012fgyvendinimo ar kitais su asmens duomen\u0173 tvarkymu susijusiais klausimais. Asmens duomenys tvarkomi vadovaujantis Europos S\u0105jungos Bendruoju duomen\u0173 apsaugos reglamentu (ES) 2016\/679 (toliau \u2013 [&hellip;]<\/p>\n","protected":false},"author":1,"featured_media":0,"parent":0,"menu_order":0,"comment_status":"closed","ping_status":"closed","template":"","meta":{"inline_featured_image":false,"site-sidebar-layout":"default","site-content-layout":"","ast-site-content-layout":"default","site-content-style":"default","site-sidebar-style":"default","ast-global-header-display":"","ast-banner-title-visibility":"","ast-main-header-display":"","ast-hfb-above-header-display":"","ast-hfb-below-header-display":"","ast-hfb-mobile-header-display":"","site-post-title":"","ast-breadcrumbs-content":"","ast-featured-img":"","footer-sml-layout":"","ast-disable-related-posts":"","theme-transparent-header-meta":"","adv-header-id-meta":"","stick-header-meta":"","header-above-stick-meta":"","header-main-stick-meta":"","header-below-stick-meta":"","astra-migrate-meta-layouts":"default","ast-page-background-enabled":"default","ast-page-background-meta":{"desktop":{"background-color":"var(--ast-global-color-4)","background-image":"","background-repeat":"repeat","background-position":"center center","background-size":"auto","background-attachment":"scroll","background-type":"","background-media":"","overlay-type":"","overlay-color":"","overlay-opacity":"","overlay-gradient":""},"tablet":{"background-color":"","background-image":"","background-repeat":"repeat","background-position":"center center","background-size":"auto","background-attachment":"scroll","background-type":"","background-media":"","overlay-type":"","overlay-color":"","overlay-opacity":"","overlay-gradient":""},"mobile":{"background-color":"","background-image":"","background-repeat":"repeat","background-position":"center center","background-size":"auto","background-attachment":"scroll","background-type":"","background-media":"","overlay-type":"","overlay-color":"","overlay-opacity":"","overlay-gradient":""}},"ast-content-background-meta":{"desktop":{"background-color":"var(--ast-global-color-5)","background-image":"","background-repeat":"repeat","background-position":"center center","background-size":"auto","background-attachment":"scroll","background-type":"","background-media":"","overlay-type":"","overlay-color":"","overlay-opacity":"","overlay-gradient":""},"tablet":{"background-color":"var(--ast-global-color-5)","background-image":"","background-repeat":"repeat","background-position":"center center","background-size":"auto","background-attachment":"scroll","background-type":"","background-media":"","overlay-type":"","overlay-color":"","overlay-opacity":"","overlay-gradient":""},"mobile":{"background-color":"var(--ast-global-color-5)","background-image":"","background-repeat":"repeat","background-position":"center center","background-size":"auto","background-attachment":"scroll","background-type":"","background-media":"","overlay-type":"","overlay-color":"","overlay-opacity":"","overlay-gradient":""}},"footnotes":""},"class_list":["post-2656","page","type-page","status-publish","hentry"],"_hostinger_reach_plugin_has_subscription_block":false,"_hostinger_reach_plugin_is_elementor":false,"_links":{"self":[{"href":"https:\/\/alixavien.lt\/lv\/wp-json\/wp\/v2\/pages\/2656","targetHints":{"allow":["GET"]}}],"collection":[{"href":"https:\/\/alixavien.lt\/lv\/wp-json\/wp\/v2\/pages"}],"about":[{"href":"https:\/\/alixavien.lt\/lv\/wp-json\/wp\/v2\/types\/page"}],"author":[{"embeddable":true,"href":"https:\/\/alixavien.lt\/lv\/wp-json\/wp\/v2\/users\/1"}],"replies":[{"embeddable":true,"href":"https:\/\/alixavien.lt\/lv\/wp-json\/wp\/v2\/comments?post=2656"}],"version-history":[{"count":3,"href":"https:\/\/alixavien.lt\/lv\/wp-json\/wp\/v2\/pages\/2656\/revisions"}],"predecessor-version":[{"id":4807,"href":"https:\/\/alixavien.lt\/lv\/wp-json\/wp\/v2\/pages\/2656\/revisions\/4807"}],"wp:attachment":[{"href":"https:\/\/alixavien.lt\/lv\/wp-json\/wp\/v2\/media?parent=2656"}],"curies":[{"name":"wp","href":"https:\/\/api.w.org\/{rel}","templated":true}]}}